{"id":12496,"date":"2018-03-28T23:49:40","date_gmt":"2018-03-28T22:49:40","guid":{"rendered":"https:\/\/borralleras.com\/borralleras-advocats\/"},"modified":"2020-02-12T13:14:53","modified_gmt":"2020-02-12T12:14:53","slug":"borralleras-abogados","status":"publish","type":"page","link":"https:\/\/borralleras.com\/es\/borralleras-abogados\/","title":{"rendered":"Borralleras Abogados"},"content":{"rendered":"<p><div class=\"fusion-fullwidth fullwidth-box hundred-percent-fullwidth non-hundred-percent-height-scrolling\"  style='background-color: rgba(255,255,255,0);background-position: center center;background-repeat: no-repeat;padding-top:0px;padding-right:0px;padding-bottom:0px;padding-left:0px;'><div class=\"fusion-builder-row fusion-row \"><div  class=\"fusion-layout-column fusion_builder_column fusion_builder_column_1_1  fusion-one-full fusion-column-first fusion-column-last fusion-column-no-min-height 1_1\"  style='margin-top:0px;margin-bottom:0px;'>\n\t\t\t\t\t<div class=\"fusion-column-wrapper\" style=\"padding: 0px 0px 0px 0px;background-position:left top;background-repeat:no-repeat;-webkit-background-size:cover;-moz-background-size:cover;-o-background-size:cover;background-size:cover;\"  data-bg-url=\"\">\n\t\t\t\t\t\t<div class=\"fusion-image-carousel fusion-image-carousel-auto\"><div class=\"fusion-carousel\" data-autoplay=\"yes\" data-columns=\"1\" data-itemmargin=\"13\" data-itemwidth=\"180\" data-touchscroll=\"no\" data-imagesize=\"auto\"><div class=\"fusion-carousel-positioner\"><ul class=\"fusion-carousel-holder\"><li class=\"fusion-carousel-item\"><div class=\"fusion-carousel-item-wrapper\"><div class=\"fusion-image-wrapper hover-type-none\"><img loading=\"lazy\" decoding=\"async\" width=\"1345\" height=\"327\" src=\"https:\/\/borralleras.com\/wp-content\/uploads\/2018\/10\/BORRALLERAS_AREA_ADVOCATS.jpg\" class=\"attachment-full size-full\" alt=\"\" srcset=\"https:\/\/borralleras.com\/wp-content\/uploads\/2018\/10\/BORRALLERAS_AREA_ADVOCATS-200x49.jpg 200w, https:\/\/borralleras.com\/wp-content\/uploads\/2018\/10\/BORRALLERAS_AREA_ADVOCATS-300x73.jpg 300w, https:\/\/borralleras.com\/wp-content\/uploads\/2018\/10\/BORRALLERAS_AREA_ADVOCATS-400x97.jpg 400w, https:\/\/borralleras.com\/wp-content\/uploads\/2018\/10\/BORRALLERAS_AREA_ADVOCATS-600x146.jpg 600w, https:\/\/borralleras.com\/wp-content\/uploads\/2018\/10\/BORRALLERAS_AREA_ADVOCATS-768x187.jpg 768w, https:\/\/borralleras.com\/wp-content\/uploads\/2018\/10\/BORRALLERAS_AREA_ADVOCATS-800x194.jpg 800w, https:\/\/borralleras.com\/wp-content\/uploads\/2018\/10\/BORRALLERAS_AREA_ADVOCATS-1024x249.jpg 1024w, https:\/\/borralleras.com\/wp-content\/uploads\/2018\/10\/BORRALLERAS_AREA_ADVOCATS-1200x292.jpg 1200w, https:\/\/borralleras.com\/wp-content\/uploads\/2018\/10\/BORRALLERAS_AREA_ADVOCATS.jpg 1345w\" sizes=\"auto, (max-width: 1345px) 100vw, 1345px\" \/><\/div><\/div><\/li><\/ul><div class=\"fusion-carousel-nav\"><span class=\"fusion-nav-prev\"><\/span><span class=\"fusion-nav-next\"><\/span><\/div><\/div><\/div><\/div><div class=\"fusion-sep-clear\"><\/div><div class=\"fusion-separator fusion-full-width-sep sep-none\" style=\"margin-left: auto;margin-right: auto;margin-top:0px;margin-bottom:35px;\"><\/div><div class=\"fusion-builder-row fusion-builder-row-inner fusion-row \"><div  class=\"fusion-layout-column fusion_builder_column fusion_builder_column_1_3  fusion-one-third fusion-column-first 1_3\"  style='margin-top: 0px;margin-bottom: 20px;width:33.33%;width:calc(33.33% - ( ( 4% ) * 0.3333 ) );margin-right:4%;'>\n\t\t\t\t\t<div class=\"fusion-column-wrapper\" style=\"padding: 0px 0px 0px 0px;background-position:left top;background-repeat:no-repeat;-webkit-background-size:cover;-moz-background-size:cover;-o-background-size:cover;background-size:cover;\"  data-bg-url=\"\">\n\t\t\t\t\t\t<div class=\"fusion-title title fusion-title-size-two\" style=\"margin-top:0px;margin-bottom:31px;\"><h2 class=\"title-heading-left\">\u00c1rea de gesti\u00f3n jur\u00eddica<\/h2><div class=\"title-sep-container\"><div class=\"title-sep sep-double\" style=\"border-color:#dbd9d9;\"><\/div><\/div><\/div><div class=\"fusion-text\"><h4>El \u00e1rea de gesti\u00f3n jur\u00eddica la componen un equipo jur\u00eddico formado por asociados y colaboradores especializados en cada una de las materias expuestas a fin de velar por los intereses de nuestros clientes con todas las garant\u00edas legales que el ordenamiento jur\u00eddico vigente pone a nuestro disposici\u00f3n.<\/h4>\n<\/div>\n\n\t\t\t\t\t<\/div>\n\t\t\t\t<\/div><div  class=\"fusion-layout-column fusion_builder_column fusion_builder_column_2_3  fusion-two-third fusion-column-last 2_3\"  style='margin-top: 0px;margin-bottom: 20px;width:66.66%;width:calc(66.66% - ( ( 4% ) * 0.6666 ) );'>\n\t\t\t\t\t<div class=\"fusion-column-wrapper\" style=\"padding: 0px 0px 0px 0px;background-position:left top;background-repeat:no-repeat;-webkit-background-size:cover;-moz-background-size:cover;-o-background-size:cover;background-size:cover;\"  data-bg-url=\"\">\n\t\t\t\t\t\t<style type=\"text\/css\" scoped=\"scoped\">.fusion-accordian  #accordion-12496-1 .panel-title a .fa-fusion-box{ color: #ffffff;}.fusion-accordian  #accordion-12496-1 .panel-title a .fa-fusion-box:before{ font-size: 11px; width: 11px;}<\/style><div class=\"accordian fusion-accordian\"><div class=\"panel-group\" id=\"accordion-12496-1\"><div class=\"fusion-panel panel-default\"><div class=\"panel-heading\"><h4 class=\"panel-title toggle\"><a data-toggle=\"collapse\" data-parent=\"#accordion-12496-1\" data-target=\"#99a39ff246e52a4b5\" href=\"#99a39ff246e52a4b5\"><div class=\"fusion-toggle-icon-wrapper\"><i class=\"fa-fusion-box\"><\/i><\/div><div class=\"fusion-toggle-heading\">Laboral<\/div><\/a><\/h4><\/div><div id=\"99a39ff246e52a4b5\" class=\"panel-collapse collapse \"><div class=\"panel-body toggle-content\">\n<h4 data-fontsize=\"15\" data-lineheight=\"21\">Reclamaciones de cantidad<span style=\"color: #bdd63d;\"> \/ <\/span>Procedimientos de despido improcedente o nulos<span style=\"color: #bdd63d;\"> \/<\/span> Redacci\u00f3n de cartas de despido objetivo o disciplinario<span style=\"color: #bdd63d;\"> \/<\/span> Procedimientos de Reconocimiento de categor\u00eda profesional<span style=\"color: #bdd63d;\"> \/<\/span> Tramitaci\u00f3n de expedientes al Fondo de Garant\u00eda Salarial (FOGASA)<span style=\"color: #bdd63d;\"> \/<\/span> Tramitaci\u00f3n de jubilaci\u00f3n<span style=\"color: #bdd63d;\"> \/<\/span> Tramitaci\u00f3n de Prestaciones de desempleo <span style=\"color: #bdd63d;\">\/<\/span> Prestaciones de Invalidez<span style=\"color: #bdd63d;\"> \/<\/span> Prestaciones de viudedad y orfandad<span style=\"color: #bdd63d;\"> \/<\/span> Prestaciones de maternidad<span style=\"color: #bdd63d;\"> \/<\/span> Asistencia a actos de conciliaci\u00f3n<span style=\"color: #bdd63d;\"> \/<\/span> Actuaciones ante la Inspecci\u00f3n de Trabajo<\/h4>\n<\/div><\/div><\/div><div class=\"fusion-panel panel-default\"><div class=\"panel-heading\"><h4 class=\"panel-title toggle\"><a data-toggle=\"collapse\" data-parent=\"#accordion-12496-1\" data-target=\"#ba1861e23d0b6762c\" href=\"#ba1861e23d0b6762c\"><div class=\"fusion-toggle-icon-wrapper\"><i class=\"fa-fusion-box\"><\/i><\/div><div class=\"fusion-toggle-heading\">Civil<\/div><\/a><\/h4><\/div><div id=\"ba1861e23d0b6762c\" class=\"panel-collapse collapse \"><div class=\"panel-body toggle-content\">\n<h4>Resoluci\u00f3n y rescisi\u00f3n contractual<span style=\"color: #bdd63d;\"> \/<\/span> Reclamaciones de cantidad<span style=\"color: #bdd63d;\"> \/<\/span> Reclamaciones de impagos<span style=\"color: #bdd63d;\"> \/<\/span> Derecho Bancario: Reclamaciones de Cl\u00e1usula Suelo, Reclamaciones gastos hipotecarias, Reclamaciones por cl\u00e1usulas abusivas, Ejecuciones Hipotecarias. Arrendamientos urbanos y propiedad horizontal. Elaboraci\u00f3n y negociaci\u00f3n de contratos de arrendamiento de vivienda y locales de negocios; procedimientos verbales de arrendamientos urbanos, procedimientos de desahucio por precario<span style=\"color: #bdd63d;\"> \/<\/span> Derecho sucesorio (autos de procedimiento ordinario, adjudicaci\u00f3n y partici\u00f3n del caudal hereditario, informes de testamentar\u00eda, impugnaci\u00f3n de disposiciones testamentarias)<span style=\"color: #bdd63d;\"> \/<\/span> Derecho de familia (separaci\u00f3n, divorcio, uni\u00f3n de hecho , filiaci\u00f3n, liquidaci\u00f3n del r\u00e9gimen econ\u00f3mico matrimonial). Procedimientos judiciales contenciosos y de mutuo acuerdo. Procedimiento judicial de modificaci\u00f3n de medinas definitivas<span style=\"color: #bdd63d;\"> \/<\/span> Ejecuci\u00f3n de resoluciones judiciales, sentencias y laudos arbitrales nacionales y extranjeros<span style=\"color: #bdd63d;\"> \/<\/span> Condiciones generales de la contrataci\u00f3n civil<span style=\"color: #bdd63d;\"> \/<\/span> Acciones de responsabilidad contractual y extracontractual.<\/h4>\n<\/div><\/div><\/div><div class=\"fusion-panel panel-default\"><div class=\"panel-heading\"><h4 class=\"panel-title toggle\"><a data-toggle=\"collapse\" data-parent=\"#accordion-12496-1\" data-target=\"#094ef2364a19a029f\" href=\"#094ef2364a19a029f\"><div class=\"fusion-toggle-icon-wrapper\"><i class=\"fa-fusion-box\"><\/i><\/div><div class=\"fusion-toggle-heading\">Penal<\/div><\/a><\/h4><\/div><div id=\"094ef2364a19a029f\" class=\"panel-collapse collapse \"><div class=\"panel-body toggle-content\">\n<h4>Redacci\u00f3n de Querellas y denuncias<span style=\"color: #bdd63d;\"> \/ <\/span>Representaci\u00f3n en procedimientos de delitos leves, procedimientos abreviados, ordinarios y ante Jurado<span style=\"color: #bdd63d;\"> \/<\/span> Alcoholemias y accidentes de tr\u00e1fico<span style=\"color: #bdd63d;\"> \/<\/span> Delitos contra la violencia salud p\u00fablica<span style=\"color: #bdd63d;\"> \/<\/span> Lesiones, amenazas, coacciones<span style=\"color: #bdd63d;\"> \/<\/span> Homicidios y asesinados<span style=\"color: #bdd63d;\"> \/<\/span> Delitos patrimoniales, hurto, robo , estafas, apropiaci\u00f3n indebida<span style=\"color: #bdd63d;\"> \/<\/span> Violencia de g\u00e9nero<span style=\"color: #bdd63d;\"> \/<\/span> Delitos societarios<span style=\"color: #bdd63d;\"> \/<\/span> Corporate compliance o Protocolo Penal para empresas<span style=\"color: #bdd63d;\"> \/<\/span> Responsabilidad civil derivada del delito.<\/h4>\n<\/div><\/div><\/div><\/div><\/div>\n\n\t\t\t\t\t<\/div>\n\t\t\t\t<\/div><\/div><div class=\"fusion-clearfix\"><\/div>\n\n\t\t\t\t\t<\/div>\n\t\t\t\t<\/div><\/div><\/div><div class=\"fusion-fullwidth fullwidth-box nonhundred-percent-fullwidth non-hundred-percent-height-scrolling\"  style='background-color: rgba(255,255,255,0);background-position: center center;background-repeat: no-repeat;padding-top:0px;padding-right:0px;padding-bottom:0px;padding-left:0px;'><div class=\"fusion-builder-row fusion-row \"><div  class=\"fusion-layout-column fusion_builder_column fusion_builder_column_1_1  fusion-one-full fusion-column-first fusion-column-last fusion-column-no-min-height 1_1\"  style='margin-top:0px;margin-bottom:0px;'>\n\t\t\t\t\t<div class=\"fusion-column-wrapper\" style=\"padding: 0px 0px 0px 0px;background-position:left top;background-repeat:no-repeat;-webkit-background-size:cover;-moz-background-size:cover;-o-background-size:cover;background-size:cover;\"  data-bg-url=\"\">\n\t\t\t\t\t\t<div class=\"fusion-sep-clear\"><\/div><div class=\"fusion-separator fusion-full-width-sep sep-none\" style=\"margin-left: auto;margin-right: auto;margin-top:35px;margin-bottom:35px;\"><\/div><style type='text\/css'>.reading-box-container-1 .element-bottomshadow:before,.reading-box-container-1 .element-bottomshadow:after{opacity:0.1;}<\/style><div class=\"fusion-reading-box-container reading-box-container-1\" style=\"margin-top:0px;margin-bottom:84px;\"><div class=\"reading-box\" style=\"background-color:#f6f6f6;border-width:1px;border-color:#f6f6f6;border-top-width:3px;border-top-color:#bdd63d;border-style:solid;\"><div class=\"fusion-reading-box-flex\"><h2>\u00bfTe interesan nuestros servicios?<br \/>\nPuedes llamarnos o enviar un e-mail. \u00a1Te esperamos!<\/h2><a class=\"button fusion-button button-default button-square fusion-button-xlarge button-xlarge button-flat fusion-desktop-button fusion-tagline-button continue continue-right\" style=\"-webkit-box-shadow:none;-moz-box-shadow:none;box-shadow:none;\" href=\"https:\/\/borralleras.com\/es\/contacto\/\" target=\"_self\"><span>\u00a1Cont\u00e1ctanos!<\/span><\/a><\/div><a class=\"button fusion-button button-default button-square fusion-button-xlarge button-xlarge button-flat fusion-mobile-button continue-right\" style=\"-webkit-box-shadow:none;-moz-box-shadow:none;box-shadow:none;\" href=\"https:\/\/borralleras.com\/es\/contacto\/\" target=\"_self\"><span>\u00a1Cont\u00e1ctanos!<\/span><\/a><\/div><\/div><div class=\"fusion-clearfix\"><\/div>\n\n\t\t\t\t\t<\/div>\n\t\t\t\t<\/div><\/div><\/div><\/p>\n","protected":false},"excerpt":{"rendered":"","protected":false},"author":1,"featured_media":0,"parent":0,"menu_order":0,"comment_status":"closed","ping_status":"closed","template":"","meta":{"_bbp_topic_count":0,"_bbp_reply_count":0,"_bbp_total_topic_count":0,"_bbp_total_reply_count":0,"_bbp_voice_count":0,"_bbp_anonymous_reply_count":0,"_bbp_topic_count_hidden":0,"_bbp_reply_count_hidden":0,"_bbp_forum_subforum_count":0,"footnotes":""},"class_list":["post-12496","page","type-page","status-publish","hentry"],"_links":{"self":[{"href":"https:\/\/borralleras.com\/es\/wp-json\/wp\/v2\/pages\/12496","targetHints":{"allow":["GET"]}}],"collection":[{"href":"https:\/\/borralleras.com\/es\/wp-json\/wp\/v2\/pages"}],"about":[{"href":"https:\/\/borralleras.com\/es\/wp-json\/wp\/v2\/types\/page"}],"author":[{"embeddable":true,"href":"https:\/\/borralleras.com\/es\/wp-json\/wp\/v2\/users\/1"}],"replies":[{"embeddable":true,"href":"https:\/\/borralleras.com\/es\/wp-json\/wp\/v2\/comments?post=12496"}],"version-history":[{"count":10,"href":"https:\/\/borralleras.com\/es\/wp-json\/wp\/v2\/pages\/12496\/revisions"}],"predecessor-version":[{"id":12639,"href":"https:\/\/borralleras.com\/es\/wp-json\/wp\/v2\/pages\/12496\/revisions\/12639"}],"wp:attachment":[{"href":"https:\/\/borralleras.com\/es\/wp-json\/wp\/v2\/media?parent=12496"}],"curies":[{"name":"wp","href":"https:\/\/api.w.org\/{rel}","templated":true}]}}