{"id":12498,"date":"2013-05-24T20:01:55","date_gmt":"2013-05-24T20:01:55","guid":{"rendered":"https:\/\/borralleras.com\/nosaltres\/"},"modified":"2022-02-03T09:46:43","modified_gmt":"2022-02-03T08:46:43","slug":"nosotros-2","status":"publish","type":"page","link":"https:\/\/borralleras.com\/es\/nosotros-2\/","title":{"rendered":"Nosotros"},"content":{"rendered":"<div class=\"fusion-fullwidth fullwidth-box hundred-percent-fullwidth non-hundred-percent-height-scrolling\"  style='background-color: rgba(255,255,255,0);background-position: center center;background-repeat: no-repeat;padding-top:0px;padding-right:0px;padding-bottom:0px;padding-left:0px;'><div class=\"fusion-builder-row fusion-row \"><div  class=\"fusion-layout-column fusion_builder_column fusion_builder_column_1_1  fusion-one-full fusion-column-first fusion-column-last fusion-column-no-min-height 1_1\"  style='margin-top:0px;margin-bottom:0px;'>\n\t\t\t\t\t<div class=\"fusion-column-wrapper\" style=\"padding: 0px 0px 0px 0px;background-position:left top;background-repeat:no-repeat;-webkit-background-size:cover;-moz-background-size:cover;-o-background-size:cover;background-size:cover;\"  data-bg-url=\"\">\n\t\t\t\t\t\t<div class=\"fusion-image-carousel fusion-image-carousel-auto\"><div class=\"fusion-carousel\" data-autoplay=\"yes\" data-columns=\"1\" data-itemmargin=\"13\" data-itemwidth=\"180\" data-touchscroll=\"no\" data-imagesize=\"auto\"><div class=\"fusion-carousel-positioner\"><ul class=\"fusion-carousel-holder\"><li class=\"fusion-carousel-item\"><div class=\"fusion-carousel-item-wrapper\"><div class=\"fusion-image-wrapper hover-type-none\"><img loading=\"lazy\" decoding=\"async\" width=\"1345\" height=\"327\" src=\"https:\/\/borralleras.com\/wp-content\/uploads\/2018\/11\/BORRALLERAS_EMPRESA.jpg\" class=\"attachment-full size-full\" alt=\"\" srcset=\"https:\/\/borralleras.com\/wp-content\/uploads\/2018\/11\/BORRALLERAS_EMPRESA-200x49.jpg 200w, https:\/\/borralleras.com\/wp-content\/uploads\/2018\/11\/BORRALLERAS_EMPRESA-300x73.jpg 300w, https:\/\/borralleras.com\/wp-content\/uploads\/2018\/11\/BORRALLERAS_EMPRESA-400x97.jpg 400w, https:\/\/borralleras.com\/wp-content\/uploads\/2018\/11\/BORRALLERAS_EMPRESA-600x146.jpg 600w, https:\/\/borralleras.com\/wp-content\/uploads\/2018\/11\/BORRALLERAS_EMPRESA-768x187.jpg 768w, https:\/\/borralleras.com\/wp-content\/uploads\/2018\/11\/BORRALLERAS_EMPRESA-800x194.jpg 800w, https:\/\/borralleras.com\/wp-content\/uploads\/2018\/11\/BORRALLERAS_EMPRESA-1024x249.jpg 1024w, https:\/\/borralleras.com\/wp-content\/uploads\/2018\/11\/BORRALLERAS_EMPRESA-1200x292.jpg 1200w, https:\/\/borralleras.com\/wp-content\/uploads\/2018\/11\/BORRALLERAS_EMPRESA.jpg 1345w\" sizes=\"auto, (max-width: 1345px) 100vw, 1345px\" \/><\/div><\/div><\/li><\/ul><div class=\"fusion-carousel-nav\"><span class=\"fusion-nav-prev\"><\/span><span class=\"fusion-nav-next\"><\/span><\/div><\/div><\/div><\/div><div class=\"fusion-sep-clear\"><\/div><div class=\"fusion-separator fusion-full-width-sep sep-none\" style=\"margin-left: auto;margin-right: auto;margin-top:0px;margin-bottom:35px;\"><\/div><div class=\"fusion-builder-row fusion-builder-row-inner fusion-row \"><div  class=\"fusion-layout-column fusion_builder_column fusion_builder_column_2_3  fusion-two-third fusion-column-first 2_3\"  style='margin-top: 0px;margin-bottom: 20px;width:66.66%;width:calc(66.66% - ( ( 4% ) * 0.6666 ) );margin-right:4%;'>\n\t\t\t\t\t<div class=\"fusion-column-wrapper\" style=\"padding: 0px 0px 0px 0px;background-position:left top;background-repeat:no-repeat;-webkit-background-size:cover;-moz-background-size:cover;-o-background-size:cover;background-size:cover;\"  data-bg-url=\"\">\n\t\t\t\t\t\t<div class=\"fusion-title title fusion-title-size-two\" style=\"margin-top:0px;margin-bottom:31px;\"><h2 class=\"title-heading-left\">La empresa<\/h2><div class=\"title-sep-container\"><div class=\"title-sep sep-double\" style=\"border-color:#dbd9d9;\"><\/div><\/div><\/div><div class=\"fusion-text\"><h4>Borralleras Abogados &amp; Consultor\u00eda Empresarial es un despacho profesional pensado y dirigido a la gesti\u00f3n y asesoramiento jur\u00eddico y empresarial para particulares, as\u00ed como para la peque\u00f1a y mediana empresa, tanto en el \u00e1mbito nacional como internacional.<\/h4>\n<h4 class=\"p1\">En enero 2020 incorpora el servicio de Asesoramiento Financiero, conscientes de la necesidad de ofrecer a sus clientes orientaci\u00f3n en productos bancarios, ahorro, inversiones y espec\u00edficos para la jubilaci\u00f3n.<\/h4>\n<h4>La firma fue fundada en 1987 y est\u00e1 formada actualmente, tras m\u00e1s de tres d\u00e9cadas de recorrido, por seis profesionales y nueve colaboradores.<\/h4>\n<\/div>\n\n\t\t\t\t\t<\/div>\n\t\t\t\t<\/div><div  class=\"fusion-layout-column fusion_builder_column fusion_builder_column_1_3  fusion-one-third fusion-column-last 1_3\"  style='margin-top: 0px;margin-bottom: 20px;width:33.33%;width:calc(33.33% - ( ( 4% ) * 0.3333 ) );'>\n\t\t\t\t\t<div class=\"fusion-column-wrapper\" style=\"padding: 0px 0px 0px 0px;background-position:left top;background-repeat:no-repeat;-webkit-background-size:cover;-moz-background-size:cover;-o-background-size:cover;background-size:cover;\"  data-bg-url=\"\">\n\t\t\t\t\t\t<div class=\"fusion-title title fusion-title-size-two\" style=\"margin-top:0px;margin-bottom:31px;\"><h2 class=\"title-heading-left\">Filosof\u00eda<\/h2><div class=\"title-sep-container\"><div class=\"title-sep sep-double\" style=\"border-color:#dbd9d9;\"><\/div><\/div><\/div><style type=\"text\/css\" scoped=\"scoped\">.fusion-accordian  #accordion-12498-1 .panel-title a .fa-fusion-box{ color: #ffffff;}.fusion-accordian  #accordion-12498-1 .panel-title a .fa-fusion-box:before{ font-size: 11px; width: 11px;}<\/style><div class=\"accordian fusion-accordian\"><div class=\"panel-group\" id=\"accordion-12498-1\"><div class=\"fusion-panel panel-default\"><div class=\"panel-heading\"><h4 class=\"panel-title toggle\"><a data-toggle=\"collapse\" data-parent=\"#accordion-12498-1\" data-target=\"#5affd9c8f9a16d2e9\" href=\"#5affd9c8f9a16d2e9\"><div class=\"fusion-toggle-icon-wrapper\"><i class=\"fa-fusion-box\"><\/i><\/div><div class=\"fusion-toggle-heading\">Abogados<\/div><\/a><\/h4><\/div><div id=\"5affd9c8f9a16d2e9\" class=\"panel-collapse collapse \"><div class=\"panel-body toggle-content\">\n<h4 data-fontsize=\"15\" data-lineheight=\"21\">Equipo Jur\u00eddico especializado y destinado a la defensa de los derechos e intereses de los ciudadanos con la m\u00e1xima diligencia, profesionalidad y trato personalizado e \u00edntegro, cumpliendo siempre con los c\u00e1nones de actuaci\u00f3n determinados por la deontolog\u00eda profesional.<\/h4>\n<\/div><\/div><\/div><div class=\"fusion-panel panel-default\"><div class=\"panel-heading\"><h4 class=\"panel-title toggle\"><a data-toggle=\"collapse\" data-parent=\"#accordion-12498-1\" data-target=\"#20da0d4cb85ebb9d5\" href=\"#20da0d4cb85ebb9d5\"><div class=\"fusion-toggle-icon-wrapper\"><i class=\"fa-fusion-box\"><\/i><\/div><div class=\"fusion-toggle-heading\">Consultor\u00eda empresarial<\/div><\/a><\/h4><\/div><div id=\"20da0d4cb85ebb9d5\" class=\"panel-collapse collapse \"><div class=\"panel-body toggle-content\">\n<h4 data-fontsize=\"15\" data-lineheight=\"21\">Tratamiento y gesti\u00f3n empresarial de la peque\u00f1a y mediana empresa en todos y cada uno de los \u00e1mbitos integrados en la organizaci\u00f3n de una firma, siempre coordinando todos los departamentos a efectos de un asesoramiento \u00edntegro y personalizado, en funci\u00f3n de las necesidades de cada empresa.<\/h4>\n<\/div><\/div><\/div><div class=\"fusion-panel panel-default\"><div class=\"panel-heading\"><h4 class=\"panel-title toggle\"><a data-toggle=\"collapse\" data-parent=\"#accordion-12498-1\" data-target=\"#daf53576aee3a0c3c\" href=\"#daf53576aee3a0c3c\"><div class=\"fusion-toggle-icon-wrapper\"><i class=\"fa-fusion-box\"><\/i><\/div><div class=\"fusion-toggle-heading\">Asesor\u00eda Financiera<\/div><\/a><\/h4><\/div><div id=\"daf53576aee3a0c3c\" class=\"panel-collapse collapse \"><div class=\"panel-body toggle-content\">\n<h4 class=\"p1\">Asesoramiento integral de todos los \u00e1mbitos financieros de personas, familias y de peque\u00f1as y medianas empresas. Productos bancarios y de inversi\u00f3n para generar ahorro, mejorar la rentabilidad financiero-fiscal, reducir costes operativos, generar un patrimonio para la jubilaci\u00f3n, gestionar patrimonios y herencias.<\/h4>\n<\/div><\/div><\/div><div class=\"fusion-panel panel-default\"><div class=\"panel-heading\"><h4 class=\"panel-title toggle\"><a data-toggle=\"collapse\" data-parent=\"#accordion-12498-1\" data-target=\"#1881d577ad85a4e3d\" href=\"#1881d577ad85a4e3d\"><div class=\"fusion-toggle-icon-wrapper\"><i class=\"fa-fusion-box\"><\/i><\/div><div class=\"fusion-toggle-heading\">Objetivos<\/div><\/a><\/h4><\/div><div id=\"1881d577ad85a4e3d\" class=\"panel-collapse collapse \"><div class=\"panel-body toggle-content\">\n<h4 data-fontsize=\"15\" data-lineheight=\"21\">Nuestro objetivo es que las empresas y los particulares que tienen contratados nuestros servicios disfruten de las ventajas propias de un departamento de administraci\u00f3n interno, altamente cualificado y especializado, pero sin que ello represente soportar el coste econ\u00f3mico que conlleva.<\/h4>\n<\/div><\/div><\/div><div class=\"fusion-panel panel-default\"><div class=\"panel-heading\"><h4 class=\"panel-title toggle\"><a data-toggle=\"collapse\" data-parent=\"#accordion-12498-1\" data-target=\"#d388db1eac4756e91\" href=\"#d388db1eac4756e91\"><div class=\"fusion-toggle-icon-wrapper\"><i class=\"fa-fusion-box\"><\/i><\/div><div class=\"fusion-toggle-heading\">Especializaci\u00f3n<\/div><\/a><\/h4><\/div><div id=\"d388db1eac4756e91\" class=\"panel-collapse collapse \"><div class=\"panel-body toggle-content\">\n<h4 data-fontsize=\"15\" data-lineheight=\"21\">Conscientes de que la creciente complejidad econ\u00f3mica social en el \u00e1mbito empresarial exige a los despachos profesionales una alta cualificaci\u00f3n y especializaci\u00f3n, as\u00ed como de una coordinaci\u00f3n constante de los profesionales responsables, buscando la optimizaci\u00f3n con un servicio transversal que permita ofrecer una \u00fanica respuesta incluyendo todas las perspectivas posibles. Como se puede comprobar, nuestra oferta tambi\u00e9n incluye un \u00e1rea de consultor\u00eda en Direcci\u00f3n, para ofrecer a nuestros clientes un servicio que supera el \u00e1mbito de la gesti\u00f3n y el asesoramiento legal a fin de contribuir al aumento de la competitividad, es decir, del valor a\u00f1adido y de la rentabilidad econ\u00f3mica y financiera.<\/h4>\n<\/div><\/div><\/div><\/div><\/div>\n\n\t\t\t\t\t<\/div>\n\t\t\t\t<\/div><\/div><div class=\"fusion-sep-clear\"><\/div><div class=\"fusion-separator fusion-full-width-sep sep-none\" style=\"margin-left: auto;margin-right: auto;margin-top:15px;margin-bottom:43px;\"><\/div><div class=\"fusion-title title fusion-title-size-two\" style=\"margin-top:0px;margin-bottom:31px;\"><h2 class=\"title-heading-left\">Equipo directivo<\/h2><div class=\"title-sep-container\"><div class=\"title-sep sep-double\" style=\"border-color:#dbd9d9;\"><\/div><\/div><\/div><div class=\"fusion-builder-row fusion-builder-row-inner fusion-row \"><div  class=\"fusion-layout-column fusion_builder_column fusion_builder_column_1_2  fusion-one-half fusion-column-first 1_2\"  style='margin-top: 0px;margin-bottom: 20px;width:50%;width:calc(50% - ( ( 4% ) * 0.5 ) );margin-right:4%;'>\n\t\t\t\t\t<div class=\"fusion-column-wrapper\" style=\"padding: 0px 0px 0px 0px;background-position:left top;background-repeat:no-repeat;-webkit-background-size:cover;-moz-background-size:cover;-o-background-size:cover;background-size:cover;\"  data-bg-url=\"\">\n\t\t\t\t\t\t<div class=\"fusion-text\"><h4 data-fontsize=\"15\" data-lineheight=\"21\">Graduado Social \/ T\u00e9cnico Tributario, Medalla de Oro colectiva al m\u00e9rito en el trabajo y miembro honor\u00edfico (+25 a\u00f1os) por trayectoria profesional \/ Experto Contable y Tributario de Espa\u00f1a.<\/h4>\n<\/div>\n\n\t\t\t\t\t<\/div>\n\t\t\t\t<\/div><div  class=\"fusion-layout-column fusion_builder_column fusion_builder_column_1_2  fusion-one-half fusion-column-last 1_2\"  style='margin-top: 0px;margin-bottom: 20px;width:50%;width:calc(50% - ( ( 4% ) * 0.5 ) );'>\n\t\t\t\t\t<div class=\"fusion-column-wrapper\" style=\"padding: 0px 0px 0px 0px;background-position:left top;background-repeat:no-repeat;-webkit-background-size:cover;-moz-background-size:cover;-o-background-size:cover;background-size:cover;\"  data-bg-url=\"\">\n\t\t\t\t\t\t<div class=\"fusion-person person fusion-person-left fusion-person-icon-top\"><div class=\"person-shortcode-image-wrapper\"><div class=\"person-image-container hover-type-none\" style=\"-webkit-border-radius:0px;-moz-border-radius:0px;border-radius:0px;\"><img loading=\"lazy\" decoding=\"async\" class=\"person-img img-responsive wp-image-12605\" style=\"-webkit-border-radius:0px;-moz-border-radius:0px;border-radius:0px;border:0px solid #f6f6f6;\" width=\"390\" height=\"584\" src=\"https:\/\/borralleras.com\/wp-content\/uploads\/2018\/03\/BORRALLERAS_EQUIP_GUILLEM_BORRALLERAS.jpg\" alt=\"Guillem Borralleras\" srcset=\"https:\/\/borralleras.com\/wp-content\/uploads\/2018\/03\/BORRALLERAS_EQUIP_GUILLEM_BORRALLERAS-200x299.jpg 200w, https:\/\/borralleras.com\/wp-content\/uploads\/2018\/03\/BORRALLERAS_EQUIP_GUILLEM_BORRALLERAS.jpg 390w\" sizes=\"auto, (max-width: 800px) 100vw, 390px\" \/><\/div><\/div><div class=\"person-desc\"><div class=\"person-author\"><div class=\"person-author-wrapper\"><span class=\"person-name\">Guillem Borralleras<\/span><span class=\"person-title\">Abogado<\/span><\/div><div class=\"fusion-social-networks boxed-icons\"><div class=\"fusion-social-networks-wrapper\"><a class=\"fusion-social-network-icon fusion-tooltip fusion-mail fusion-icon-mail\" aria-label=\"fusion-mail\" href=\"mailto:gu&#105;ll&#101;&#109;&#064;b&#111;&#114;ra&#108;l&#101;ra&#115;&#046;&#099;o&#109;\" target=\"_self\" style=\"color:#ffffff;background-color:#bdd63d;border-color:#bdd63d;border-radius:2px;font-size:16px;padding:8px;\" data-placement=\" \" data-title=\"Mail\" title=\"Mail\" data-toggle=\"tooltip\"><\/a><\/div><\/div><\/div><div class=\"person-content fusion-clearfix\"><\/div><\/div><\/div><div class=\"fusion-text\"><h4 data-fontsize=\"15\" data-lineheight=\"21\">Colegiado en el Ilustre Colegio de Abogados de Barcelona y en el Ilustre Colegio de Abogados de Manresa. Miembro en activo del Turno de oficio Penal del Bages, Violencia de G\u00e9nero, Civil, Familia y Laboral. Graduado por La Universidad Internacional de Catalu\u00f1a (UIC), M\u00e1ster en Ejercicio de la abogac\u00eda de la UNIR, M\u00e1ster en derecho penal y post-grado de pr\u00e1ctica jur\u00eddica en los \u00e1mbitos penal y laboral por el ICAB.<\/h4>\n<\/div>\n\n\t\t\t\t\t<\/div>\n\t\t\t\t<\/div><div  class=\"fusion-layout-column fusion_builder_column fusion_builder_column_1_2  fusion-one-half fusion-column-first 1_2\"  style='margin-top: 0px;margin-bottom: 20px;width:50%;width:calc(50% - ( ( 4% ) * 0.5 ) );margin-right:4%;'>\n\t\t\t\t\t<div class=\"fusion-column-wrapper\" style=\"padding: 0px 0px 0px 0px;background-position:left top;background-repeat:no-repeat;-webkit-background-size:cover;-moz-background-size:cover;-o-background-size:cover;background-size:cover;\"  data-bg-url=\"\">\n\t\t\t\t\t\t<div class=\"fusion-person person fusion-person-left fusion-person-icon-top\"><div class=\"person-shortcode-image-wrapper\"><div class=\"person-image-container hover-type-none\" style=\"-webkit-border-radius:0px;-moz-border-radius:0px;border-radius:0px;\"><img loading=\"lazy\" decoding=\"async\" class=\"person-img img-responsive wp-image-12499\" style=\"-webkit-border-radius:0px;-moz-border-radius:0px;border-radius:0px;border:0px solid #f6f6f6;\" width=\"390\" height=\"584\" src=\"https:\/\/borralleras.com\/wp-content\/uploads\/2018\/03\/BORRALLERAS_EQUIP_TAT_BARTRONS.jpg\" alt=\"Tat Bartrons\" srcset=\"https:\/\/borralleras.com\/wp-content\/uploads\/2018\/03\/BORRALLERAS_EQUIP_TAT_BARTRONS-200x299.jpg 200w, https:\/\/borralleras.com\/wp-content\/uploads\/2018\/03\/BORRALLERAS_EQUIP_TAT_BARTRONS.jpg 390w\" sizes=\"auto, (max-width: 800px) 100vw, 390px\" \/><\/div><\/div><div class=\"person-desc\"><div class=\"person-author\"><div class=\"person-author-wrapper\"><span class=\"person-name\">Tat Bartrons<\/span><span class=\"person-title\">Licenciada\u2013Gestora Interdepartamental<\/span><\/div><div class=\"fusion-social-networks boxed-icons\"><div class=\"fusion-social-networks-wrapper\"><a class=\"fusion-social-network-icon fusion-tooltip fusion-mail fusion-icon-mail\" aria-label=\"fusion-mail\" href=\"mailto:mba&#114;&#116;&#114;o&#110;s&#064;&#098;&#111;r&#114;&#097;&#108;l&#101;&#114;&#097;&#115;.&#099;om\" target=\"_self\" style=\"color:#ffffff;background-color:#bdd63d;border-color:#bdd63d;border-radius:2px;font-size:16px;padding:8px;\" data-placement=\" \" data-title=\"Mail\" title=\"Mail\" data-toggle=\"tooltip\"><\/a><\/div><\/div><\/div><div class=\"person-content fusion-clearfix\"><\/div><\/div><\/div><div class=\"fusion-text\"><h4 data-fontsize=\"15\" data-lineheight=\"21\">Responsable coordinadora interdepartamental y responsable del departamento laboral.<\/h4>\n<\/div>\n\n\t\t\t\t\t<\/div>\n\t\t\t\t<\/div><\/div><div class=\"fusion-sep-clear\"><\/div><div class=\"fusion-separator fusion-full-width-sep sep-none\" style=\"margin-left: auto;margin-right: auto;margin-top:15px;margin-bottom:15px;\"><\/div><div class=\"fusion-clearfix\"><\/div>\n\n\t\t\t\t\t<\/div>\n\t\t\t\t<\/div><\/div><\/div>\n","protected":false},"excerpt":{"rendered":"","protected":false},"author":1,"featured_media":0,"parent":0,"menu_order":0,"comment_status":"closed","ping_status":"closed","template":"","meta":{"_bbp_topic_count":0,"_bbp_reply_count":0,"_bbp_total_topic_count":0,"_bbp_total_reply_count":0,"_bbp_voice_count":0,"_bbp_anonymous_reply_count":0,"_bbp_topic_count_hidden":0,"_bbp_reply_count_hidden":0,"_bbp_forum_subforum_count":0,"footnotes":""},"class_list":["post-12498","page","type-page","status-publish","hentry"],"_links":{"self":[{"href":"https:\/\/borralleras.com\/es\/wp-json\/wp\/v2\/pages\/12498","targetHints":{"allow":["GET"]}}],"collection":[{"href":"https:\/\/borralleras.com\/es\/wp-json\/wp\/v2\/pages"}],"about":[{"href":"https:\/\/borralleras.com\/es\/wp-json\/wp\/v2\/types\/page"}],"author":[{"embeddable":true,"href":"https:\/\/borralleras.com\/es\/wp-json\/wp\/v2\/users\/1"}],"replies":[{"embeddable":true,"href":"https:\/\/borralleras.com\/es\/wp-json\/wp\/v2\/comments?post=12498"}],"version-history":[{"count":9,"href":"https:\/\/borralleras.com\/es\/wp-json\/wp\/v2\/pages\/12498\/revisions"}],"predecessor-version":[{"id":12683,"href":"https:\/\/borralleras.com\/es\/wp-json\/wp\/v2\/pages\/12498\/revisions\/12683"}],"wp:attachment":[{"href":"https:\/\/borralleras.com\/es\/wp-json\/wp\/v2\/media?parent=12498"}],"curies":[{"name":"wp","href":"https:\/\/api.w.org\/{rel}","templated":true}]}}