{"id":12500,"date":"2012-11-16T15:47:45","date_gmt":"2012-11-16T14:47:45","guid":{"rendered":"https:\/\/borralleras.com\/circulars-informatives\/"},"modified":"2019-10-28T11:36:46","modified_gmt":"2019-10-28T10:36:46","slug":"circulares-informativas","status":"publish","type":"page","link":"https:\/\/borralleras.com\/es\/circulares-informativas\/","title":{"rendered":"Circulares informativas"},"content":{"rendered":"<p><div class=\"fusion-fullwidth fullwidth-box hundred-percent-fullwidth non-hundred-percent-height-scrolling\"  style='background-color: rgba(255,255,255,0);background-position: center center;background-repeat: no-repeat;padding-top:0px;padding-right:0px;padding-bottom:0px;padding-left:0px;'><div class=\"fusion-builder-row fusion-row \"><div  class=\"fusion-layout-column fusion_builder_column fusion_builder_column_1_1  fusion-one-full fusion-column-first fusion-column-last fusion-column-no-min-height 1_1\"  style='margin-top:0px;margin-bottom:0px;'>\n\t\t\t\t\t<div class=\"fusion-column-wrapper\" style=\"padding: 0px 0px 0px 0px;background-position:left top;background-repeat:no-repeat;-webkit-background-size:cover;-moz-background-size:cover;-o-background-size:cover;background-size:cover;\"  data-bg-url=\"\">\n\t\t\t\t\t\t<div class=\"fusion-image-carousel fusion-image-carousel-auto\"><div class=\"fusion-carousel\" data-autoplay=\"yes\" data-columns=\"1\" data-itemmargin=\"13\" data-itemwidth=\"180\" data-touchscroll=\"no\" data-imagesize=\"auto\"><div class=\"fusion-carousel-positioner\"><ul class=\"fusion-carousel-holder\"><li class=\"fusion-carousel-item\"><div class=\"fusion-carousel-item-wrapper\"><div class=\"fusion-image-wrapper hover-type-none\"><img loading=\"lazy\" decoding=\"async\" width=\"1345\" height=\"327\" src=\"https:\/\/borralleras.com\/wp-content\/uploads\/2018\/10\/BLOC.jpg\" class=\"attachment-full size-full\" alt=\"\" srcset=\"https:\/\/borralleras.com\/wp-content\/uploads\/2018\/10\/BLOC-200x49.jpg 200w, https:\/\/borralleras.com\/wp-content\/uploads\/2018\/10\/BLOC-300x73.jpg 300w, https:\/\/borralleras.com\/wp-content\/uploads\/2018\/10\/BLOC-400x97.jpg 400w, https:\/\/borralleras.com\/wp-content\/uploads\/2018\/10\/BLOC-600x146.jpg 600w, https:\/\/borralleras.com\/wp-content\/uploads\/2018\/10\/BLOC-768x187.jpg 768w, https:\/\/borralleras.com\/wp-content\/uploads\/2018\/10\/BLOC-800x194.jpg 800w, https:\/\/borralleras.com\/wp-content\/uploads\/2018\/10\/BLOC-1024x249.jpg 1024w, https:\/\/borralleras.com\/wp-content\/uploads\/2018\/10\/BLOC-1200x292.jpg 1200w, https:\/\/borralleras.com\/wp-content\/uploads\/2018\/10\/BLOC.jpg 1345w\" sizes=\"auto, (max-width: 1345px) 100vw, 1345px\" \/><\/div><\/div><\/li><\/ul><div class=\"fusion-carousel-nav\"><span class=\"fusion-nav-prev\"><\/span><span class=\"fusion-nav-next\"><\/span><\/div><\/div><\/div><\/div><div class=\"fusion-sep-clear\"><\/div><div class=\"fusion-separator fusion-full-width-sep sep-none\" style=\"margin-left: auto;margin-right: auto;margin-top:15px;margin-bottom:25px;\"><\/div><div class=\"fusion-clearfix\"><\/div>\n\n\t\t\t\t\t<\/div>\n\t\t\t\t<\/div><\/div><\/div><div class=\"fusion-fullwidth fullwidth-box hundred-percent-fullwidth non-hundred-percent-height-scrolling\"  style='background-color: rgba(255,255,255,0);background-position: center center;background-repeat: no-repeat;padding-top:0px;padding-right:0px;padding-bottom:0px;padding-left:0px;'><div class=\"fusion-builder-row fusion-row \"><div  class=\"fusion-layout-column fusion_builder_column fusion_builder_column_1_1  fusion-one-full fusion-column-first fusion-column-last fusion-column-no-min-height 1_1\"  style='margin-top:0px;margin-bottom:0px;'>\n\t\t\t\t\t<div class=\"fusion-column-wrapper\" style=\"padding: 0px 0px 0px 0px;background-position:left top;background-repeat:no-repeat;-webkit-background-size:cover;-moz-background-size:cover;-o-background-size:cover;background-size:cover;\"  data-bg-url=\"\">\n\t\t\t\t\t\t<div class=\"fusion-blog-shortcode fusion-blog-shortcode-1 fusion-blog-archive fusion-blog-layout-grid-wrapper fusion-blog-no\"><style type=\"text\/css\">.fusion-blog-shortcode-1 .fusion-blog-layout-grid .fusion-post-grid{padding:20px;}.fusion-blog-shortcode-1 .fusion-posts-container{margin-left: -20px !important; margin-right:-20px !important;}<\/style><div class=\"fusion-posts-container fusion-posts-container-no fusion-blog-rollover fusion-blog-layout-grid fusion-blog-layout-grid-3 isotope\" data-pages=\"1\" data-grid-col-space=\"40\" style=\"margin: -20px -20px 0;min-height:500px;\"><article id=\"blog-1-post-12504\" class=\"fusion-post-grid post-12504 post type-post status-publish format-standard has-post-thumbnail hentry category-sin-categorizar\">\n<div class=\"fusion-post-wrapper\" style=\"background-color:rgba(255,255,255,0);border:1px solid #ebeaea;border-bottom-width:3px;\">\n\n\t\t\t<div class=\"fusion-flexslider flexslider fusion-flexslider-loading fusion-post-slideshow\" style=&quot;border-color:#ebeaea&quot;>\n\t\t<ul class=\"slides\">\n\t\t\t\n\t\t\t\t\t\t\t\t\t\t\t\t\t\t\t\t\t\t<li>\n\n<div  class=\"fusion-image-wrapper\" aria-haspopup=\"true\">\n\t\n\t\n\t\t\n\t\t\t\t\t<img loading=\"lazy\" decoding=\"async\" width=\"1240\" height=\"750\" src=\"https:\/\/borralleras.com\/wp-content\/uploads\/2018\/10\/BORRALLERAS_SLIDE_3-400x242.jpg\" class=\"attachment-full size-full wp-post-image\" alt=\"\" srcset=\"https:\/\/borralleras.com\/wp-content\/uploads\/2018\/10\/BORRALLERAS_SLIDE_3-200x121.jpg 200w, https:\/\/borralleras.com\/wp-content\/uploads\/2018\/10\/BORRALLERAS_SLIDE_3-400x242.jpg 400w, https:\/\/borralleras.com\/wp-content\/uploads\/2018\/10\/BORRALLERAS_SLIDE_3-600x363.jpg 600w, https:\/\/borralleras.com\/wp-content\/uploads\/2018\/10\/BORRALLERAS_SLIDE_3-800x484.jpg 800w, https:\/\/borralleras.com\/wp-content\/uploads\/2018\/10\/BORRALLERAS_SLIDE_3-1200x726.jpg 1200w, https:\/\/borralleras.com\/wp-content\/uploads\/2018\/10\/BORRALLERAS_SLIDE_3.jpg 1240w\" sizes=\"auto, (min-width: 2200px) 100vw, (min-width: 824px) 357px, (min-width: 732px) 535px, (min-width: 640px) 732px, \" \/>\n\t\n\n\t\t<div class=\"fusion-rollover\">\n\t<div class=\"fusion-rollover-content\">\n\n\t\t\t\t\t\t\t\t\t\t\t\t\t\t<a class=\"fusion-rollover-link\" href=\"https:\/\/borralleras.com\/es\/2019\/03\/06\/real-decret-ley-7-2019-de-1-de-marzo-de-medidas-urgentes-en-materia-de-vivienda-y-alquiler\/\">REAL DECRET-LEY 7\/2019, de 1 de marzo, de medidas urgentes en materia de VIVIENDA Y ALQUILER<\/a>\n\t\t\t\n\t\t\t\t\t\t\t\t\t\t\t\t\t\t\n\t\t\t\t\t\t\t\t\n\t\t\t\t\t\t\t\t\t\t\t\t\t<div class=\"fusion-rollover-sep\"><\/div>\n\t\t\t\t\n\t\t\t\t\t\t\t\t\t\t\t\t\t\t\t\t\t\t<a class=\"fusion-rollover-gallery\" href=\"https:\/\/borralleras.com\/wp-content\/uploads\/2018\/10\/BORRALLERAS_SLIDE_3.jpg\" data-id=\"12504\" data-rel=\"iLightbox[gallery]\" data-title=\"BORRALLERAS_SLIDE_3\" data-caption=\"\">\n\t\t\t\t\t\tGallery\t\t\t\t\t<\/a>\n\t\t\t\t\t\t\t\t\t\t\t\t\t\t\n\t\t\t\t\n\t\t\t\t\t\t\t\t\t\t\t\t<h4 class=\"fusion-rollover-title\">\n\t\t\t\t\t<a href=\"https:\/\/borralleras.com\/es\/2019\/03\/06\/real-decret-ley-7-2019-de-1-de-marzo-de-medidas-urgentes-en-materia-de-vivienda-y-alquiler\/\">\n\t\t\t\t\t\tREAL DECRET-LEY 7\/2019, de 1 de marzo, de medidas urgentes en materia de VIVIENDA Y ALQUILER\t\t\t\t\t<\/a>\n\t\t\t\t<\/h4>\n\t\t\t\n\t\t\t\t\t\t\t\t\t\t\t\t\t\t<div class=\"fusion-rollover-categories\"><a href=\"https:\/\/borralleras.com\/es\/category\/sin-categorizar\/\" rel=\"tag\">Sin categorizar<\/a><\/div>\t\t\t\t\t\n\t\t\n\t\t\t\t<a class=\"fusion-link-wrapper\" href=\"https:\/\/borralleras.com\/es\/2019\/03\/06\/real-decret-ley-7-2019-de-1-de-marzo-de-medidas-urgentes-en-materia-de-vivienda-y-alquiler\/\" aria-label=\"REAL DECRET-LEY 7\/2019, de 1 de marzo, de medidas urgentes en materia de VIVIENDA Y ALQUILER\"><\/a>\n\t<\/div>\n<\/div>\n\n\t\n<\/div>\n<\/li>\n\t\t\t\n\t\t\t\n\t\t\t\t\t\t\t\t\t\t\t\t\t\t\t\t\t\t\t\t\t\t\t\t\t\t\t\t\t\t\t\t\t\t\t\t\t\t\t\t\t\t\t\t\t\t\t\t\t\t\t\t\t\t\t\t\t\t\t\t\t\t\t\t\t\t\t\t<\/ul>\n\t<\/div>\n<div class=\"fusion-post-content-wrapper\" style=\"padding:30px 25px 20px 25px;\"><div class=\"fusion-post-content post-content\"><h2 class=\"blog-shortcode-post-title entry-title\"><a href=\"https:\/\/borralleras.com\/es\/2019\/03\/06\/real-decret-ley-7-2019-de-1-de-marzo-de-medidas-urgentes-en-materia-de-vivienda-y-alquiler\/\">REAL DECRET-LEY 7\/2019, de 1 de marzo, de medidas urgentes en materia de VIVIENDA Y ALQUILER<\/a><\/h2><p class=\"fusion-single-line-meta\">\n\t\t\t\n\t\t\t\t\t\t\t<span class=\"vcard\" style=\"display: none;\">\n\t\t\t\t\t<span class=\"fn\">\n\t\t\t\t\t\t<a href=\"https:\/\/borralleras.com\/es\/author\/admin\/\" title=\"Entradas de Borralleras\" rel=\"author\">Borralleras<\/a>\t\t\t\t\t<\/span>\n\t\t\t\t<\/span>\n\t\t\t\n\t\t\t\n\t\t\n\t\t\t\n\t\t\t\n\t\t\t\t\t\t\t<span class=\"updated\" style=\"display:none;\">\n\t\t\t\t\t2019-03-06T15:31:34+01:00\t\t\t\t<\/span>\n\t\t\t\n\t\t<span> 6 marzo, 2019<\/span><span class=\"fusion-inline-sep\">|<\/span>Categories: <a href=\"https:\/\/borralleras.com\/es\/category\/sin-categorizar\/\" rel=\"category tag\">Sin categorizar<\/a><span class=\"fusion-inline-sep\">|<\/span><\/p><div class=\"fusion-content-sep sep-double sep-solid\" style=\"border-color:#e0dede;\"><\/div><div class=\"fusion-post-content-container\"><p>La reforma liberalizadora de 2013, adem\u00e1s de no dar los resultados esperados en lo relativo al incremento de la oferta de vivienda y la moderaci\u00f3n de los precios, ha situado al arrendatario de una vivienda como residencia habitual en una [...]<\/p><\/div><\/div><div class=\"fusion-meta-info\"><div class=\"fusion-alignleft\"><a class=\"fusion-read-more\" href=\"https:\/\/borralleras.com\/es\/2019\/03\/06\/real-decret-ley-7-2019-de-1-de-marzo-de-medidas-urgentes-en-materia-de-vivienda-y-alquiler\/\">Read More<\/a><\/div><\/div><\/div><div class=\"fusion-clearfix\"><\/div><\/div>\n<\/article>\n<article id=\"blog-1-post-12506\" class=\"fusion-post-grid post-12506 post type-post status-publish format-standard has-post-thumbnail hentry category-mundo-juridico\">\n<div class=\"fusion-post-wrapper\" style=\"background-color:rgba(255,255,255,0);border:1px solid #ebeaea;border-bottom-width:3px;\">\n\n\t\t\t<div class=\"fusion-flexslider flexslider fusion-flexslider-loading fusion-post-slideshow\" style=&quot;border-color:#ebeaea&quot;>\n\t\t<ul class=\"slides\">\n\t\t\t\n\t\t\t\t\t\t\t\t\t\t\t\t\t\t\t\t\t\t<li>\n\n<div  class=\"fusion-image-wrapper\" aria-haspopup=\"true\">\n\t\n\t\n\t\t\n\t\t\t\t\t<img loading=\"lazy\" decoding=\"async\" width=\"1240\" height=\"750\" src=\"https:\/\/borralleras.com\/wp-content\/uploads\/2018\/10\/BORRALLERAS_SLIDE_2-400x242.jpg\" class=\"attachment-full size-full wp-post-image\" alt=\"\" srcset=\"https:\/\/borralleras.com\/wp-content\/uploads\/2018\/10\/BORRALLERAS_SLIDE_2-200x121.jpg 200w, https:\/\/borralleras.com\/wp-content\/uploads\/2018\/10\/BORRALLERAS_SLIDE_2-400x242.jpg 400w, https:\/\/borralleras.com\/wp-content\/uploads\/2018\/10\/BORRALLERAS_SLIDE_2-600x363.jpg 600w, https:\/\/borralleras.com\/wp-content\/uploads\/2018\/10\/BORRALLERAS_SLIDE_2-800x484.jpg 800w, https:\/\/borralleras.com\/wp-content\/uploads\/2018\/10\/BORRALLERAS_SLIDE_2-1200x726.jpg 1200w, https:\/\/borralleras.com\/wp-content\/uploads\/2018\/10\/BORRALLERAS_SLIDE_2.jpg 1240w\" sizes=\"auto, (min-width: 2200px) 100vw, (min-width: 824px) 357px, (min-width: 732px) 535px, (min-width: 640px) 732px, \" \/>\n\t\n\n\t\t<div class=\"fusion-rollover\">\n\t<div class=\"fusion-rollover-content\">\n\n\t\t\t\t\t\t\t\t\t\t\t\t\t\t<a class=\"fusion-rollover-link\" href=\"https:\/\/borralleras.com\/es\/2019\/01\/23\/principio-de-interes-superior-del-menor-en-los-procedimientos-de-separacion-o-divorcio\/\">PRINCIPIO DE INTER\u00c9S SUPERIOR DEL MENOR EN LOS PROCEDIMIENTOS DE SEPARACI\u00d3N O DIVORCIO<\/a>\n\t\t\t\n\t\t\t\t\t\t\t\t\t\t\t\t\t\t\n\t\t\t\t\t\t\t\t\n\t\t\t\t\t\t\t\t\t\t\t\t\t<div class=\"fusion-rollover-sep\"><\/div>\n\t\t\t\t\n\t\t\t\t\t\t\t\t\t\t\t\t\t\t\t\t\t\t<a class=\"fusion-rollover-gallery\" href=\"https:\/\/borralleras.com\/wp-content\/uploads\/2018\/10\/BORRALLERAS_SLIDE_2.jpg\" data-id=\"12506\" data-rel=\"iLightbox[gallery]\" data-title=\"BORRALLERAS_SLIDE_2\" data-caption=\"\">\n\t\t\t\t\t\tGallery\t\t\t\t\t<\/a>\n\t\t\t\t\t\t\t\t\t\t\t\t\t\t\n\t\t\t\t\n\t\t\t\t\t\t\t\t\t\t\t\t<h4 class=\"fusion-rollover-title\">\n\t\t\t\t\t<a href=\"https:\/\/borralleras.com\/es\/2019\/01\/23\/principio-de-interes-superior-del-menor-en-los-procedimientos-de-separacion-o-divorcio\/\">\n\t\t\t\t\t\tPRINCIPIO DE INTER\u00c9S SUPERIOR DEL MENOR EN LOS PROCEDIMIENTOS DE SEPARACI\u00d3N O DIVORCIO\t\t\t\t\t<\/a>\n\t\t\t\t<\/h4>\n\t\t\t\n\t\t\t\t\t\t\t\t\t\t\t\t\t\t<div class=\"fusion-rollover-categories\"><a href=\"https:\/\/borralleras.com\/es\/category\/mundo-juridico\/\" rel=\"tag\">Mundo Juridico<\/a><\/div>\t\t\t\t\t\n\t\t\n\t\t\t\t<a class=\"fusion-link-wrapper\" href=\"https:\/\/borralleras.com\/es\/2019\/01\/23\/principio-de-interes-superior-del-menor-en-los-procedimientos-de-separacion-o-divorcio\/\" aria-label=\"PRINCIPIO DE INTER\u00c9S SUPERIOR DEL MENOR EN LOS PROCEDIMIENTOS DE SEPARACI\u00d3N O DIVORCIO\"><\/a>\n\t<\/div>\n<\/div>\n\n\t\n<\/div>\n<\/li>\n\t\t\t\n\t\t\t\n\t\t\t\t\t\t\t\t\t\t\t\t\t\t\t\t\t\t\t\t\t\t\t\t\t\t\t\t\t\t\t\t\t\t\t\t\t\t\t\t\t\t\t\t\t\t\t\t\t\t\t\t\t\t\t\t\t\t\t\t\t\t\t\t\t\t\t\t<\/ul>\n\t<\/div>\n<div class=\"fusion-post-content-wrapper\" style=\"padding:30px 25px 20px 25px;\"><div class=\"fusion-post-content post-content\"><h2 class=\"blog-shortcode-post-title entry-title\"><a href=\"https:\/\/borralleras.com\/es\/2019\/01\/23\/principio-de-interes-superior-del-menor-en-los-procedimientos-de-separacion-o-divorcio\/\">PRINCIPIO DE INTER\u00c9S SUPERIOR DEL MENOR EN LOS PROCEDIMIENTOS DE SEPARACI\u00d3N O DIVORCIO<\/a><\/h2><p class=\"fusion-single-line-meta\">\n\t\t\t\n\t\t\t\t\t\t\t<span class=\"vcard\" style=\"display: none;\">\n\t\t\t\t\t<span class=\"fn\">\n\t\t\t\t\t\t<a href=\"https:\/\/borralleras.com\/es\/author\/admin\/\" title=\"Entradas de Borralleras\" rel=\"author\">Borralleras<\/a>\t\t\t\t\t<\/span>\n\t\t\t\t<\/span>\n\t\t\t\n\t\t\t\n\t\t\n\t\t\t\n\t\t\t\n\t\t\t\t\t\t\t<span class=\"updated\" style=\"display:none;\">\n\t\t\t\t\t2019-01-23T13:11:13+01:00\t\t\t\t<\/span>\n\t\t\t\n\t\t<span> 23 enero, 2019<\/span><span class=\"fusion-inline-sep\">|<\/span>Categories: <a href=\"https:\/\/borralleras.com\/es\/category\/mundo-juridico\/\" rel=\"category tag\">Mundo Juridico<\/a><span class=\"fusion-inline-sep\">|<\/span><\/p><div class=\"fusion-content-sep sep-double sep-solid\" style=\"border-color:#e0dede;\"><\/div><div class=\"fusion-post-content-container\"><p>En la mayor\u00eda de las ocasiones en las que se produce una crisis matrimonial que desemboca en una procedimiento judicial de separaci\u00f3n (no extingue el v\u00ednculo matrimonial) o de divorcio (extingue el v\u00ednculo matrimonial) los progenitores pierden de vista que [...]<\/p><\/div><\/div><div class=\"fusion-meta-info\"><div class=\"fusion-alignleft\"><a class=\"fusion-read-more\" href=\"https:\/\/borralleras.com\/es\/2019\/01\/23\/principio-de-interes-superior-del-menor-en-los-procedimientos-de-separacion-o-divorcio\/\">Read More<\/a><\/div><\/div><\/div><div class=\"fusion-clearfix\"><\/div><\/div>\n<\/article>\n<div class=\"fusion-clearfix\"><\/div><\/div><\/div><div class=\"fusion-sep-clear\"><\/div><div class=\"fusion-separator fusion-full-width-sep sep-double\" style=\"border-color:#ffffff;border-top-width:0px;border-bottom-width:0px;margin-left: auto;margin-right: auto;margin-top:30px;margin-bottom:30px;\"><\/div><div class=\"fusion-clearfix\"><\/div>\n\n\t\t\t\t\t<\/div>\n\t\t\t\t<\/div><\/div><\/div><\/p>\n","protected":false},"excerpt":{"rendered":"","protected":false},"author":1,"featured_media":0,"parent":0,"menu_order":0,"comment_status":"closed","ping_status":"closed","template":"","meta":{"_bbp_topic_count":0,"_bbp_reply_count":0,"_bbp_total_topic_count":0,"_bbp_total_reply_count":0,"_bbp_voice_count":0,"_bbp_anonymous_reply_count":0,"_bbp_topic_count_hidden":0,"_bbp_reply_count_hidden":0,"_bbp_forum_subforum_count":0,"footnotes":""},"class_list":["post-12500","page","type-page","status-publish","hentry"],"_links":{"self":[{"href":"https:\/\/borralleras.com\/es\/wp-json\/wp\/v2\/pages\/12500","targetHints":{"allow":["GET"]}}],"collection":[{"href":"https:\/\/borralleras.com\/es\/wp-json\/wp\/v2\/pages"}],"about":[{"href":"https:\/\/borralleras.com\/es\/wp-json\/wp\/v2\/types\/page"}],"author":[{"embeddable":true,"href":"https:\/\/borralleras.com\/es\/wp-json\/wp\/v2\/users\/1"}],"replies":[{"embeddable":true,"href":"https:\/\/borralleras.com\/es\/wp-json\/wp\/v2\/comments?post=12500"}],"version-history":[{"count":2,"href":"https:\/\/borralleras.com\/es\/wp-json\/wp\/v2\/pages\/12500\/revisions"}],"predecessor-version":[{"id":12550,"href":"https:\/\/borralleras.com\/es\/wp-json\/wp\/v2\/pages\/12500\/revisions\/12550"}],"wp:attachment":[{"href":"https:\/\/borralleras.com\/es\/wp-json\/wp\/v2\/media?parent=12500"}],"curies":[{"name":"wp","href":"https:\/\/api.w.org\/{rel}","templated":true}]}}