{"id":12503,"date":"2012-07-30T23:32:32","date_gmt":"2012-07-30T22:32:32","guid":{"rendered":"https:\/\/borralleras.com\/inici\/"},"modified":"2020-02-11T20:14:44","modified_gmt":"2020-02-11T19:14:44","slug":"inici","status":"publish","type":"page","link":"https:\/\/borralleras.com\/es\/","title":{"rendered":"Inicio"},"content":{"rendered":"<p><div class=\"fusion-fullwidth fullwidth-box nonhundred-percent-fullwidth non-hundred-percent-height-scrolling\"  style='background-color: rgba(255,255,255,0);background-position: left top;background-repeat: no-repeat;padding-top:0px;padding-right:0px;padding-bottom:25px;padding-left:0px;border-top-width:0px;border-bottom-width:0px;border-color:#eae9e9;border-top-style:solid;border-bottom-style:solid;'><div class=\"fusion-builder-row fusion-row \"><div  class=\"fusion-layout-column fusion_builder_column fusion_builder_column_1_1  fusion-one-full fusion-column-first fusion-column-last fusion-column-no-min-height 1_1\"  style='margin-top:0px;margin-bottom:0px;'>\n\t\t\t\t\t<div class=\"fusion-column-wrapper\" style=\"padding: 0px 0px 0px 0px;background-position:left top;background-repeat:no-repeat;-webkit-background-size:cover;-moz-background-size:cover;-o-background-size:cover;background-size:cover;\"  data-bg-url=\"\">\n\t\t\t\t\t\t<div class=\"fusion-text\"><h2 style=\"text-align: center;\" data-fontsize=\"21\" data-lineheight=\"31\"><span style=\"font-size: 18pt;\">Somos un despacho profesional pensado y dirigido para<\/span><br \/>\n<span style=\"font-size: 18pt;\">la gesti\u00f3n y el asesoramiento empresarial<\/span><\/h2>\n<\/div><div class=\"fusion-sep-clear\"><\/div><div class=\"fusion-separator fusion-full-width-sep sep-single sep-solid\" style=\"border-color:#cdcdcd;border-top-width:1px;margin-left: auto;margin-right: auto;margin-top:43px;margin-bottom:75px;\"><\/div><div class=\"fusion-clearfix\"><\/div>\n\n\t\t\t\t\t<\/div>\n\t\t\t\t<\/div><div  class=\"fusion-layout-column fusion_builder_column fusion_builder_column_1_1  fusion-one-full fusion-column-first fusion-column-last fusion-column-no-min-height 1_1\"  style='margin-top:0px;margin-bottom:0px;'>\n\t\t\t\t\t<div class=\"fusion-column-wrapper\" style=\"padding: 0px 0px 0px 0px;background-position:left top;background-repeat:no-repeat;-webkit-background-size:cover;-moz-background-size:cover;-o-background-size:cover;background-size:cover;\"  data-bg-url=\"\">\n\t\t\t\t\t\t<div class=\"fusion-flip-boxes flip-boxes row fusion-columns-3\"><div class=\"fusion-flip-box-wrapper fusion-column col-lg-4 col-md-4 col-sm-4\"><div class=\"fusion-flip-box\"><div class=\"flip-box-inner-wrapper\"><div class=\"flip-box-front\" style=\"background-color:#f6f6f6;border-color:rgba(0,0,0,0);border-radius:4px;border-style:solid;border-width:0px;color:#747474;\"><div class=\"flip-box-front-inner\"><div class=\"flip-box-grafix flip-box-circle\" style=\"background-color:rgba(51,51,51,0);border-color:#333333;\"><i class=\"fa fa-shield\" style=\"color:#333333;\"><\/i><\/div><h2 class=\"flip-box-heading without-text\" style=\"color:#333333;\">Nuestro compromiso<\/h2><\/div><\/div><div class=\"flip-box-back\" style=\"background-color:#bdd63d;border-color:rgba(0,0,0,0);border-radius:4px;border-style:solid;border-width:0px;color:#ffffff;\"><div class=\"flip-box-back-inner\">\n<h4 data-fontsize=\"15\" data-lineheight=\"21\"><span style=\"color: #ffffff;\">Nuestro despacho ofrece sus servicios con el objetivo de proporcionar los niveles de profesionalidad e inmediatez m\u00e1s altos. Mantenemos un compromiso total con el cliente, con atenci\u00f3n totalmente personalizada.<\/span><\/h4>\n<\/div><\/div><\/div><\/div><\/div><div class=\"fusion-flip-box-wrapper fusion-column col-lg-4 col-md-4 col-sm-4\"><div class=\"fusion-flip-box\"><div class=\"flip-box-inner-wrapper\"><div class=\"flip-box-front\" style=\"background-color:#f6f6f6;border-color:rgba(0,0,0,0);border-radius:4px;border-style:solid;border-width:0px;color:#747474;\"><div class=\"flip-box-front-inner\"><div class=\"flip-box-grafix flip-box-circle\" style=\"background-color:rgba(51,51,51,0);border-color:#333333;\"><i class=\"fa fa-thumbs-o-up\" style=\"color:#333333;\"><\/i><\/div><h2 class=\"flip-box-heading without-text\" style=\"color:#333333;\">Trabajo en equipo<\/h2><\/div><\/div><div class=\"flip-box-back\" style=\"background-color:#bdd63d;border-color:rgba(0,0,0,0);border-radius:4px;border-style:solid;border-width:0px;color:#ffffff;\"><div class=\"flip-box-back-inner\">\n<h4 data-fontsize=\"15\" data-lineheight=\"21\"><span style=\"color: #ffffff;\">Los departamentos de las diferentes \u00e1reas legales no constituyen divisiones cerradas, sino que la colaboraci\u00f3n e integraci\u00f3n entre ellos permiten un tratamiento \u00edntegro y resolutivo hacia las necesidades de nuestros clientes.<\/span><\/h4>\n<\/div><\/div><\/div><\/div><\/div><div class=\"fusion-flip-box-wrapper fusion-column col-lg-4 col-md-4 col-sm-4\"><div class=\"fusion-flip-box\"><div class=\"flip-box-inner-wrapper\"><div class=\"flip-box-front\" style=\"background-color:#f6f6f6;border-color:rgba(0,0,0,0);border-radius:4px;border-style:solid;border-width:0px;color:#747474;\"><div class=\"flip-box-front-inner\"><div class=\"flip-box-grafix flip-box-circle\" style=\"background-color:rgba(51,51,51,0);border-color:#333333;\"><i class=\"fa fa-handshake-o\" style=\"color:#333333;\"><\/i><\/div><h2 class=\"flip-box-heading without-text\" style=\"color:#333333;\">Servicio integral<\/h2><\/div><\/div><div class=\"flip-box-back\" style=\"background-color:#bdd63d;border-color:rgba(0,0,0,0);border-radius:4px;border-style:solid;border-width:0px;color:#ffffff;\"><div class=\"flip-box-back-inner\">\n<h4 data-fontsize=\"15\" data-lineheight=\"21\"><span style=\"color: #ffffff;\">Nuestra vocaci\u00f3n de servicio tambi\u00e9n se dirige a llenar un cierto d\u00e9ficit de despachos sobredimensionados, de acuerdo con las necesidades modernas de los sectores econ\u00f3micos de las empresas.<\/span><\/h4>\n<\/div><\/div><\/div><\/div><\/div><\/div><div class=\"fusion-clearfix\"><\/div><div class=\"fusion-sep-clear\"><\/div><div class=\"fusion-separator fusion-full-width-sep sep-none\" style=\"margin-left: auto;margin-right: auto;margin-top:25px;margin-bottom:25px;\"><\/div><div class=\"fusion-title title fusion-title-size-two\" style=\"margin-top:0px;margin-bottom:31px;\"><h2 class=\"title-heading-left\"><h2 data-fontsize=\"21\" data-lineheight=\"31\">\u00c1reas de actividad<\/h2><\/h2><div class=\"title-sep-container\"><div class=\"title-sep sep-double\" style=\"border-color:#dbd9d9;\"><\/div><\/div><\/div><div class=\"fusion-builder-row fusion-builder-row-inner fusion-row \"><div  class=\"fusion-layout-column fusion_builder_column fusion_builder_column_2_3  fusion-two-third fusion-column-first 2_3\"  style='margin-top: 0px;margin-bottom: 20px;width:66.66%;width:calc(66.66% - ( ( 4% ) * 0.6666 ) );margin-right:4%;'>\n\t\t\t\t\t<div class=\"fusion-column-wrapper\" style=\"padding: 0px 0px 0px 0px;\"  data-bg-url=\"\">\n\t\t\t\t\t\t<div class=\"fusion-text\"><h4 data-fontsize=\"15\" data-lineheight=\"21\">Conscientes de que actualmente la creciente complejidad social y econ\u00f3mica en el \u00e1mbito jur\u00eddico, empresarial y personal, exige a los despachos profesionales una alta cualificaci\u00f3n y especializaci\u00f3n, estos dos puntos se convierten en nuestro m\u00e1ximo compromiso y se crean, para ello, dos grandes bloques de trabajo.<\/h4>\n<h4 data-fontsize=\"15\" data-lineheight=\"21\">Borralleras Abogados &amp; Consultor\u00eda Empresarial consta de un Departamento Jur\u00eddico encargado en exclusiva de la defensa de los derechos e intereses de los particulares y empresas en los diferentes \u00e1mbitos del derecho ante los tribunales del territorio. No obstante, la firma dispone adem\u00e1s de un Departamento de Gesti\u00f3n Empresarial, formado por cuatro profesionales, enfocado \u00fanica y exclusivamente al asesoramiento fiscal-tributario, contable, mercantil y laboral de empresas y particulares.<\/h4>\n<h4 data-fontsize=\"15\" data-lineheight=\"21\">Esta especializaci\u00f3n cuenta con una coordinaci\u00f3n constante de los profesionales responsables, buscando la optimizaci\u00f3n con un servicio transversal que permita ofrecer una \u00fanica respuesta que incluye todas las perspectivas posibles.<\/h4>\n<\/div>\n\n\t\t\t\t\t<\/div>\n\t\t\t\t<\/div><div  class=\"fusion-layout-column fusion_builder_column fusion_builder_column_1_3  fusion-one-third fusion-column-last 1_3\"  style='margin-top: 0px;margin-bottom: 20px;width:33.33%;width:calc(33.33% - ( ( 4% ) * 0.3333 ) );'>\n\t\t\t\t\t<div class=\"fusion-column-wrapper\" style=\"padding: 0px 0px 0px 0px;background-position:left top;background-repeat:no-repeat;-webkit-background-size:cover;-moz-background-size:cover;-o-background-size:cover;background-size:cover;\"  data-bg-url=\"\">\n\t\t\t\t\t\t<style type=\"text\/css\" scoped=\"scoped\">.fusion-accordian  #accordion-12503-1 .panel-title a .fa-fusion-box{ color: #ffffff;}.fusion-accordian  #accordion-12503-1 .panel-title a .fa-fusion-box:before{ font-size: 11px; width: 11px;}<\/style><div class=\"accordian fusion-accordian\"><div class=\"panel-group\" id=\"accordion-12503-1\"><div class=\"fusion-panel panel-default\"><div class=\"panel-heading\"><h4 class=\"panel-title toggle\"><a data-toggle=\"collapse\" data-parent=\"#accordion-12503-1\" data-target=\"#45734f49baef6a6d2\" href=\"#45734f49baef6a6d2\"><div class=\"fusion-toggle-icon-wrapper\"><i class=\"fa-fusion-box\"><\/i><\/div><div class=\"fusion-toggle-heading\">Borralleras Abogados<\/div><\/a><\/h4><\/div><div id=\"45734f49baef6a6d2\" class=\"panel-collapse collapse \"><div class=\"panel-body toggle-content\">\n<h4>Penal\u00a0<span style=\"color: #bdd63d;\"> \/\u00a0\u00a0<\/span>Laboral\u00a0<span style=\"color: #bdd63d;\"> \/\u00a0\u00a0<\/span>Civil\u00a0<span style=\"color: #bdd63d;\"> \/\u00a0\u00a0<\/span>Tributario\u00a0<span style=\"color: #bdd63d;\"> \/\u00a0\u00a0<\/span>Mercantil<\/h4>\n<\/div><\/div><\/div><div class=\"fusion-panel panel-default\"><div class=\"panel-heading\"><h4 class=\"panel-title toggle\"><a data-toggle=\"collapse\" data-parent=\"#accordion-12503-1\" data-target=\"#c3db40ed70e89d96b\" href=\"#c3db40ed70e89d96b\"><div class=\"fusion-toggle-icon-wrapper\"><i class=\"fa-fusion-box\"><\/i><\/div><div class=\"fusion-toggle-heading\">Consultor\u00eda Empresarial<\/div><\/a><\/h4><\/div><div id=\"c3db40ed70e89d96b\" class=\"panel-collapse collapse \"><div class=\"panel-body toggle-content\">\n<h4>Laboral\u00a0<span style=\"color: #bdd63d;\"> \/\u00a0<\/span> Auditor\u00eda socio\u2013laboral<span style=\"color: #bdd63d;\">\u00a0 \/\u00a0<\/span> Mercantil<span style=\"color: #bdd63d;\">\u00a0 \/\u00a0<\/span> Tributario\u2013Fiscal\u2013Contable<span style=\"color: #bdd63d;\">\u00a0 \/\u00a0<\/span> Creaci\u00f3n de empresas<\/h4>\n<\/div><\/div><\/div><div class=\"fusion-panel panel-default\"><div class=\"panel-heading\"><h4 class=\"panel-title toggle\"><a data-toggle=\"collapse\" data-parent=\"#accordion-12503-1\" data-target=\"#6d8cd5df64e695db9\" href=\"#6d8cd5df64e695db9\"><div class=\"fusion-toggle-icon-wrapper\"><i class=\"fa-fusion-box\"><\/i><\/div><div class=\"fusion-toggle-heading\">Asesor\u00eda Financiera<\/div><\/a><\/h4><\/div><div id=\"6d8cd5df64e695db9\" class=\"panel-collapse collapse \"><div class=\"panel-body toggle-content\">\n<h4>Asesoramiento Bancario\u00a0<span style=\"color: #bdd63d;\"> \/\u00a0<\/span> Ahorro<span style=\"color: #bdd63d;\">\u00a0 \/\u00a0<\/span> Inversi\u00f3n<span style=\"color: #bdd63d;\">\u00a0 \/\u00a0<\/span> Jubilaci\u00f3n<span style=\"color: #bdd63d;\">\u00a0 \/\u00a0<\/span>\u00a0Gesti\u00f3n Patrimonial<span style=\"color: #bdd63d;\">\u00a0 \/\u00a0<\/span>\u00a0Sucesiones<\/h4>\n<\/div><\/div><\/div><\/div><\/div>\n\n\t\t\t\t\t<\/div>\n\t\t\t\t<\/div><\/div><div class=\"fusion-clearfix\"><\/div>\n\n\t\t\t\t\t<\/div>\n\t\t\t\t<\/div><\/div><\/div><div class=\"fusion-fullwidth fullwidth-box nonhundred-percent-fullwidth non-hundred-percent-height-scrolling\"  style='background-color: rgba(255,255,255,0);background-position: center center;background-repeat: no-repeat;padding-top:0px;padding-right:0px;padding-bottom:0px;padding-left:0px;'><div class=\"fusion-builder-row fusion-row \"><div  class=\"fusion-layout-column fusion_builder_column fusion_builder_column_1_1  fusion-one-full fusion-column-first fusion-column-last fusion-column-no-min-height 1_1\"  style='margin-top:0px;margin-bottom:0px;'>\n\t\t\t\t\t<div class=\"fusion-column-wrapper\" style=\"padding: 0px 0px 0px 0px;background-position:left top;background-repeat:no-repeat;-webkit-background-size:cover;-moz-background-size:cover;-o-background-size:cover;background-size:cover;\"  data-bg-url=\"\">\n\t\t\t\t\t\t<div class=\"fusion-sep-clear\"><\/div><div class=\"fusion-separator fusion-full-width-sep sep-none\" style=\"margin-left: auto;margin-right: auto;margin-top:25px;margin-bottom:0px;\"><\/div><div class=\"fusion-title title fusion-title-size-two\" style=\"margin-top:0px;margin-bottom:31px;\"><h2 class=\"title-heading-left\"><h2>Enlaces de inter\u00e9s<\/h2><\/h2><div class=\"title-sep-container\"><div class=\"title-sep sep-double\" style=\"border-color:#dbd9d9;\"><\/div><\/div><\/div><div class=\"fusion-text\"><div class=\"fusion-image-carousel fusion-image-carousel-fixed fusion-carousel-border\"><div class=\"fusion-carousel\" data-autoplay=\"no\" data-columns=\"5\" data-itemmargin=\"13\" data-itemwidth=\"180\" data-touchscroll=\"no\" data-imagesize=\"fixed\"><div class=\"fusion-carousel-positioner\"><ul class=\"fusion-carousel-holder\"><li class=\"fusion-carousel-item\"><div class=\"fusion-carousel-item-wrapper\"><div class=\"fusion-image-wrapper hover-type-none\"><a href=\"https:\/\/www.icab.cat\/\" target=\"_blank\" rel=\"noopener noreferrer\"><img loading=\"lazy\" decoding=\"async\" width=\"220\" height=\"113\" src=\"https:\/\/borralleras.com\/wp-content\/uploads\/2018\/11\/LINK_ICAB.png\" class=\"attachment-blog-medium size-blog-medium\" alt=\"\" srcset=\"https:\/\/borralleras.com\/wp-content\/uploads\/2018\/11\/LINK_ICAB-200x103.png 200w, https:\/\/borralleras.com\/wp-content\/uploads\/2018\/11\/LINK_ICAB.png 220w\" sizes=\"auto, (max-width: 220px) 100vw, 220px\" \/><\/a><\/div><\/div><\/li><li class=\"fusion-carousel-item\"><div class=\"fusion-carousel-item-wrapper\"><div class=\"fusion-image-wrapper hover-type-none\"><a href=\"http:\/\/www.coleconomistes.cat\/\" target=\"_blank\" rel=\"noopener noreferrer\"><img loading=\"lazy\" decoding=\"async\" width=\"220\" height=\"113\" src=\"https:\/\/borralleras.com\/wp-content\/uploads\/2018\/11\/LINK_CEC.png\" class=\"attachment-blog-medium size-blog-medium\" alt=\"\" srcset=\"https:\/\/borralleras.com\/wp-content\/uploads\/2018\/11\/LINK_CEC-200x103.png 200w, https:\/\/borralleras.com\/wp-content\/uploads\/2018\/11\/LINK_CEC.png 220w\" sizes=\"auto, (max-width: 220px) 100vw, 220px\" \/><\/a><\/div><\/div><\/li><li class=\"fusion-carousel-item\"><div class=\"fusion-carousel-item-wrapper\"><div class=\"fusion-image-wrapper hover-type-none\"><a href=\"http:\/\/www.fettaf.com\/\" target=\"_blank\" rel=\"noopener noreferrer\"><img loading=\"lazy\" decoding=\"async\" width=\"220\" height=\"113\" src=\"https:\/\/borralleras.com\/wp-content\/uploads\/2018\/11\/LINK_FETTAF.png\" class=\"attachment-blog-medium size-blog-medium\" alt=\"\" srcset=\"https:\/\/borralleras.com\/wp-content\/uploads\/2018\/11\/LINK_FETTAF-200x103.png 200w, https:\/\/borralleras.com\/wp-content\/uploads\/2018\/11\/LINK_FETTAF.png 220w\" sizes=\"auto, (max-width: 220px) 100vw, 220px\" \/><\/a><\/div><\/div><\/li><li class=\"fusion-carousel-item\"><div class=\"fusion-carousel-item-wrapper\"><div class=\"fusion-image-wrapper hover-type-none\"><a href=\"https:\/\/www.apttcb.cat\/\" target=\"_blank\" rel=\"noopener noreferrer\"><img loading=\"lazy\" decoding=\"async\" width=\"220\" height=\"113\" src=\"https:\/\/borralleras.com\/wp-content\/uploads\/2018\/11\/LINK_APTTCB.png\" class=\"attachment-blog-medium size-blog-medium\" alt=\"\" srcset=\"https:\/\/borralleras.com\/wp-content\/uploads\/2018\/11\/LINK_APTTCB-200x103.png 200w, https:\/\/borralleras.com\/wp-content\/uploads\/2018\/11\/LINK_APTTCB.png 220w\" sizes=\"auto, (max-width: 220px) 100vw, 220px\" \/><\/a><\/div><\/div><\/li><li class=\"fusion-carousel-item\"><div class=\"fusion-carousel-item-wrapper\"><div class=\"fusion-image-wrapper hover-type-none\"><a href=\"https:\/\/www.graduados-sociales.com\/\" target=\"_blank\" rel=\"noopener noreferrer\"><img loading=\"lazy\" decoding=\"async\" width=\"220\" height=\"113\" src=\"https:\/\/borralleras.com\/wp-content\/uploads\/2018\/11\/LINK_GSB.png\" class=\"attachment-blog-medium size-blog-medium\" alt=\"\" srcset=\"https:\/\/borralleras.com\/wp-content\/uploads\/2018\/11\/LINK_GSB-200x103.png 200w, https:\/\/borralleras.com\/wp-content\/uploads\/2018\/11\/LINK_GSB.png 220w\" sizes=\"auto, (max-width: 220px) 100vw, 220px\" \/><\/a><\/div><\/div><\/li><\/ul><div class=\"fusion-carousel-nav\"><span class=\"fusion-nav-prev\"><\/span><span class=\"fusion-nav-next\"><\/span><\/div><\/div><\/div><\/div>\n<\/div><div class=\"fusion-sep-clear\"><\/div><div class=\"fusion-separator fusion-full-width-sep sep-none\" style=\"margin-left: auto;margin-right: auto;margin-top:50px;margin-bottom:20px;\"><\/div><div class=\"fusion-clearfix\"><\/div>\n\n\t\t\t\t\t<\/div>\n\t\t\t\t<\/div><\/div><\/div><div class=\"fusion-fullwidth fullwidth-box nonhundred-percent-fullwidth non-hundred-percent-height-scrolling\"  style='background-color: rgba(255,255,255,0);background-position: center center;background-repeat: no-repeat;padding-top:0px;padding-right:0px;padding-bottom:0px;padding-left:0px;'><div class=\"fusion-builder-row fusion-row \"><div  class=\"fusion-layout-column fusion_builder_column fusion_builder_column_1_1  fusion-one-full fusion-column-first fusion-column-last fusion-column-no-min-height 1_1\"  style='margin-top:0px;margin-bottom:0px;'>\n\t\t\t\t\t<div class=\"fusion-column-wrapper\" style=\"padding: 0px 0px 0px 0px;background-position:left top;background-repeat:no-repeat;-webkit-background-size:cover;-moz-background-size:cover;-o-background-size:cover;background-size:cover;\"  data-bg-url=\"\">\n\t\t\t\t\t\t<style type='text\/css'>.reading-box-container-1 .element-bottomshadow:before,.reading-box-container-1 .element-bottomshadow:after{opacity:0.1;}<\/style><div class=\"fusion-reading-box-container reading-box-container-1\" style=\"margin-top:0px;margin-bottom:84px;\"><div class=\"reading-box\" style=\"background-color:#f6f6f6;border-width:1px;border-color:#f6f6f6;border-top-width:3px;border-top-color:#bdd63d;border-style:solid;\"><div class=\"fusion-reading-box-flex\"><h2>\u00bfTe interesan nuestros servicios?<br \/>\nPuedes llamarnos o enviar un e-mail. \u00a1Te esperamos!<\/h2><a class=\"button fusion-button button-default button-square fusion-button-xlarge button-xlarge button-flat fusion-desktop-button fusion-tagline-button continue continue-right\" style=\"-webkit-box-shadow:none;-moz-box-shadow:none;box-shadow:none;\" href=\"https:\/\/borralleras.com\/es\/contacto\/\" target=\"_self\"><span>\u00a1Cont\u00e1ctanos!<\/span><\/a><\/div><a class=\"button fusion-button button-default button-square fusion-button-xlarge button-xlarge button-flat fusion-mobile-button continue-right\" style=\"-webkit-box-shadow:none;-moz-box-shadow:none;box-shadow:none;\" href=\"https:\/\/borralleras.com\/es\/contacto\/\" target=\"_self\"><span>\u00a1Cont\u00e1ctanos!<\/span><\/a><\/div><\/div><div class=\"fusion-sep-clear\"><\/div><div class=\"fusion-separator fusion-full-width-sep sep-none\" style=\"margin-left: auto;margin-right: auto;margin-top:18px;margin-bottom:18px;\"><\/div><div class=\"fusion-clearfix\"><\/div>\n\n\t\t\t\t\t<\/div>\n\t\t\t\t<\/div><\/div><\/div><\/p>\n","protected":false},"excerpt":{"rendered":"","protected":false},"author":1,"featured_media":0,"parent":0,"menu_order":0,"comment_status":"closed","ping_status":"closed","template":"100-width.php","meta":{"_bbp_topic_count":0,"_bbp_reply_count":0,"_bbp_total_topic_count":0,"_bbp_total_reply_count":0,"_bbp_voice_count":0,"_bbp_anonymous_reply_count":0,"_bbp_topic_count_hidden":0,"_bbp_reply_count_hidden":0,"_bbp_forum_subforum_count":0,"footnotes":""},"class_list":["post-12503","page","type-page","status-publish","hentry"],"_links":{"self":[{"href":"https:\/\/borralleras.com\/es\/wp-json\/wp\/v2\/pages\/12503","targetHints":{"allow":["GET"]}}],"collection":[{"href":"https:\/\/borralleras.com\/es\/wp-json\/wp\/v2\/pages"}],"about":[{"href":"https:\/\/borralleras.com\/es\/wp-json\/wp\/v2\/types\/page"}],"author":[{"embeddable":true,"href":"https:\/\/borralleras.com\/es\/wp-json\/wp\/v2\/users\/1"}],"replies":[{"embeddable":true,"href":"https:\/\/borralleras.com\/es\/wp-json\/wp\/v2\/comments?post=12503"}],"version-history":[{"count":18,"href":"https:\/\/borralleras.com\/es\/wp-json\/wp\/v2\/pages\/12503\/revisions"}],"predecessor-version":[{"id":12630,"href":"https:\/\/borralleras.com\/es\/wp-json\/wp\/v2\/pages\/12503\/revisions\/12630"}],"wp:attachment":[{"href":"https:\/\/borralleras.com\/es\/wp-json\/wp\/v2\/media?parent=12503"}],"curies":[{"name":"wp","href":"https:\/\/api.w.org\/{rel}","templated":true}]}}